{"id":134,"date":"2019-04-01T10:29:31","date_gmt":"2019-04-01T16:29:31","guid":{"rendered":"http:\/\/docker-core-services.fiesta.local:8094\/?page_id=134"},"modified":"2024-01-18T10:33:03","modified_gmt":"2024-01-18T16:33:03","slug":"requisitos","status":"publish","type":"page","link":"https:\/\/www.crediplus.net\/?page_id=134","title":{"rendered":"Requisitos"},"content":{"rendered":"\n\n\t\t\t\t<img decoding=\"async\" src=\"https:\/\/www.crediplus.net\/wp-content\/plugins\/bb-plugin\/img\/pixel.png\" alt=\"\" itemprop=\"image\" onerror=\"this.style.display='none'\"  \/>\n<h1>\n\t\tSomos una empresa l\u00edder en microfinanzas, donde aprobamos tu cr\u00e9dito m\u00e1s r\u00e1pido y con atenci\u00f3n telef\u00f3nica personalizada.\n\t<\/h1>\n<h3>\n\t\tRequisitos para optar a tu l\u00ednea de cr\u00e9dito\n\t<\/h3>\n\n","protected":false},"excerpt":{"rendered":"<p>Somos una empresa l\u00edder en microfinanzas, donde aprobamos tu cr\u00e9dito m\u00e1s r\u00e1pido y con atenci\u00f3n telef\u00f3nica personalizada. Requisitos para optar a tu l\u00ednea de cr\u00e9dito<\/p>\n","protected":false},"author":3,"featured_media":0,"parent":0,"menu_order":0,"comment_status":"closed","ping_status":"closed","template":"","meta":{"footnotes":""},"_links":{"self":[{"href":"https:\/\/www.crediplus.net\/index.php?rest_route=\/wp\/v2\/pages\/134"}],"collection":[{"href":"https:\/\/www.crediplus.net\/index.php?rest_route=\/wp\/v2\/pages"}],"about":[{"href":"https:\/\/www.crediplus.net\/index.php?rest_route=\/wp\/v2\/types\/page"}],"author":[{"embeddable":true,"href":"https:\/\/www.crediplus.net\/index.php?rest_route=\/wp\/v2\/users\/3"}],"replies":[{"embeddable":true,"href":"https:\/\/www.crediplus.net\/index.php?rest_route=%2Fwp%2Fv2%2Fcomments&post=134"}],"version-history":[{"count":19,"href":"https:\/\/www.crediplus.net\/index.php?rest_route=\/wp\/v2\/pages\/134\/revisions"}],"predecessor-version":[{"id":360,"href":"https:\/\/www.crediplus.net\/index.php?rest_route=\/wp\/v2\/pages\/134\/revisions\/360"}],"wp:attachment":[{"href":"https:\/\/www.crediplus.net\/index.php?rest_route=%2Fwp%2Fv2%2Fmedia&parent=134"}],"curies":[{"name":"wp","href":"https:\/\/api.w.org\/{rel}","templated":true}]}}