{"id":136,"date":"2019-04-01T10:29:55","date_gmt":"2019-04-01T16:29:55","guid":{"rendered":"http:\/\/docker-core-services.fiesta.local:8094\/?page_id=136"},"modified":"2024-03-08T17:48:12","modified_gmt":"2024-03-08T23:48:12","slug":"servicios","status":"publish","type":"page","link":"https:\/\/www.crediplus.net\/?page_id=136","title":{"rendered":"Servicios"},"content":{"rendered":"\n<h1>\n\t\tServicios\n\t<\/h1>\n\t\t\t<img decoding=\"async\" loading='false' src=\"https:\/\/www.crediplus.net\/wp-content\/uploads\/2019\/04\/Credito-de-consumo.jpg\" alt=\"\" \/>\t\t\t\n\t\t\t<img decoding=\"async\" loading='false' src=\"https:\/\/www.crediplus.net\/wp-content\/uploads\/2019\/04\/autorizacion-en-minutos.jpg\" alt=\"\" \/>\t\t\t\n\t\t\t<img decoding=\"async\" loading='false' src=\"https:\/\/www.crediplus.net\/wp-content\/uploads\/2019\/04\/Atencion-personalizada.jpg\" alt=\"\" \/>\t\t\t\n\t\t\t<img decoding=\"async\" loading='false' src=\"https:\/\/www.crediplus.net\/wp-content\/uploads\/2019\/04\/Asesoria-Profesionak.jpg\" alt=\"\" \/>\t\t\t\n\t<h2><strong>\u00bfNecesitas m\u00e1s informaci\u00f3n? \u00a1Cont\u00e1ctanos!<\/strong><\/h2>\n<p>Estamos para servirte. Ll\u00e1manos al 6626-1351 o bien comun\u00edcate a analistas@crediplus.net<\/p>\n\t\t\t<a href=\"https:\/\/www.crediplus.net\/?page_id=138\" target=\"_self\" rel=\"noopener\">\n\t\t\t\t\t\tCont\u00e1ctanos\n\t\t\t\t\t<\/a>\n\n","protected":false},"excerpt":{"rendered":"<p>Servicios \u00bfNecesitas m\u00e1s informaci\u00f3n? \u00a1Cont\u00e1ctanos! Estamos para servirte. Ll\u00e1manos al 6626-1351 o bien comun\u00edcate a analistas@crediplus.net Cont\u00e1ctanos<\/p>\n","protected":false},"author":3,"featured_media":0,"parent":0,"menu_order":0,"comment_status":"closed","ping_status":"closed","template":"","meta":{"footnotes":""},"_links":{"self":[{"href":"https:\/\/www.crediplus.net\/index.php?rest_route=\/wp\/v2\/pages\/136"}],"collection":[{"href":"https:\/\/www.crediplus.net\/index.php?rest_route=\/wp\/v2\/pages"}],"about":[{"href":"https:\/\/www.crediplus.net\/index.php?rest_route=\/wp\/v2\/types\/page"}],"author":[{"embeddable":true,"href":"https:\/\/www.crediplus.net\/index.php?rest_route=\/wp\/v2\/users\/3"}],"replies":[{"embeddable":true,"href":"https:\/\/www.crediplus.net\/index.php?rest_route=%2Fwp%2Fv2%2Fcomments&post=136"}],"version-history":[{"count":10,"href":"https:\/\/www.crediplus.net\/index.php?rest_route=\/wp\/v2\/pages\/136\/revisions"}],"predecessor-version":[{"id":366,"href":"https:\/\/www.crediplus.net\/index.php?rest_route=\/wp\/v2\/pages\/136\/revisions\/366"}],"wp:attachment":[{"href":"https:\/\/www.crediplus.net\/index.php?rest_route=%2Fwp%2Fv2%2Fmedia&parent=136"}],"curies":[{"name":"wp","href":"https:\/\/api.w.org\/{rel}","templated":true}]}}