{"id":138,"date":"2019-04-01T10:30:10","date_gmt":"2019-04-01T16:30:10","guid":{"rendered":"http:\/\/docker-core-services.fiesta.local:8094\/?page_id=138"},"modified":"2024-03-08T17:46:43","modified_gmt":"2024-03-08T23:46:43","slug":"contacto","status":"publish","type":"page","link":"https:\/\/www.crediplus.net\/?page_id=138","title":{"rendered":"Contacto"},"content":{"rendered":"\n<h3>\n\t\tCorreo Electr\u00f3nico\n\t<\/h3>\n<h3>\n\t\tasesores@crediplus.net\n\t<\/h3>\n<h3>\n\t\tTel\u00e9fono\n\t<\/h3>\n<h3>\n\t\t+(502) 6626-1351\n\t<\/h3>\n<h3>\n\t\tHorario de Atenci\u00f3n\n\t<\/h3>\n<h3>\n\t\tLunes a S\u00e1bado: 9:00 a.m. a 9:00 p.m.\n\t<\/h3>\n<h3>\n\t\tDomingo: 9:00 a.m. a 8:00 p.m.\n\t<\/h3>\n<h1>\n\t\tCont\u00e1ctanos\n\t<\/h1>\n\t<div class=\"wpforms-container wpforms-container-full\" id=\"wpforms-209\"><form id=\"wpforms-form-209\" class=\"wpforms-validate wpforms-form\" data-formid=\"209\" method=\"post\" enctype=\"multipart\/form-data\" action=\"\/index.php?rest_route=%2Fwp%2Fv2%2Fpages%2F138\" data-token=\"1b9649fc55136856ced55cd2455f18cb\"><noscript class=\"wpforms-error-noscript\">Por favor, activa JavaScript en tu navegador para completar este formulario.<\/noscript><div class=\"wpforms-field-container\"><div id=\"wpforms-209-field_0-container\" class=\"wpforms-field wpforms-field-name\" data-field-id=\"0\"><label class=\"wpforms-field-label\" for=\"wpforms-209-field_0\">Nombre <span class=\"wpforms-required-label\">*<\/span><\/label><input type=\"text\" id=\"wpforms-209-field_0\" class=\"wpforms-field-medium wpforms-field-required\" name=\"wpforms[fields][0]\" required><\/div><div id=\"wpforms-209-field_3-container\" class=\"wpforms-field wpforms-field-number\" data-field-id=\"3\"><label class=\"wpforms-field-label\" for=\"wpforms-209-field_3\">Tel\u00e9fono<\/label><input type=\"number\" pattern=\"\\d*\" id=\"wpforms-209-field_3\" class=\"wpforms-field-medium\" name=\"wpforms[fields][3]\" ><\/div><div id=\"wpforms-209-field_1-container\" class=\"wpforms-field wpforms-field-email\" data-field-id=\"1\"><label class=\"wpforms-field-label\" for=\"wpforms-209-field_1\">Correo Electr\u00f3nico <span class=\"wpforms-required-label\">*<\/span><\/label><input type=\"email\" id=\"wpforms-209-field_1\" class=\"wpforms-field-medium wpforms-field-required\" name=\"wpforms[fields][1]\" spellcheck=\"false\" required><\/div><div id=\"wpforms-209-field_2-container\" class=\"wpforms-field wpforms-field-textarea\" data-field-id=\"2\"><label class=\"wpforms-field-label\" for=\"wpforms-209-field_2\">Mensaje <span class=\"wpforms-required-label\">*<\/span><\/label><textarea id=\"wpforms-209-field_2\" class=\"wpforms-field-large wpforms-field-required\" name=\"wpforms[fields][2]\" required><\/textarea><\/div><\/div><!-- .wpforms-field-container --><div class=\"wpforms-field wpforms-field-hp\"><label for=\"wpforms-209-field-hp\" class=\"wpforms-field-label\">Name<\/label><input type=\"text\" name=\"wpforms[hp]\" id=\"wpforms-209-field-hp\" class=\"wpforms-field-medium\"><\/div><div class=\"wpforms-submit-container\" ><input type=\"hidden\" name=\"wpforms[id]\" value=\"209\"><input type=\"hidden\" name=\"wpforms[author]\" value=\"3\"><button type=\"submit\" name=\"wpforms[submit]\" id=\"wpforms-submit-209\" class=\"wpforms-submit\" data-alt-text=\"Enviando..\" data-submit-text=\"Enviar\" aria-live=\"assertive\" value=\"wpforms-submit\">Enviar<\/button><\/div><\/form><\/div>  <!-- .wpforms-container -->\n\t\t\t\t<img loading=\"lazy\" decoding=\"async\" src=\"https:\/\/www.crediplus.net\/wp-content\/uploads\/2019\/04\/Logo-CrediPlus-Final-2.png\" alt=\"Logo CrediPlus Final\" itemprop=\"image\" height=\"2550\" width=\"3300\" title=\"Logo CrediPlus Final\" onerror=\"this.style.display='none'\"  \/>\n\n","protected":false},"excerpt":{"rendered":"<p>Correo Electr\u00f3nico asesores@crediplus.net Tel\u00e9fono +(502) 6626-1351 Horario de Atenci\u00f3n Lunes a S\u00e1bado: 9:00 a.m. a 9:00 p.m. Domingo: 9:00 a.m. a 8:00 p.m. Cont\u00e1ctanos<\/p>\n","protected":false},"author":3,"featured_media":0,"parent":0,"menu_order":0,"comment_status":"closed","ping_status":"closed","template":"","meta":{"footnotes":""},"_links":{"self":[{"href":"https:\/\/www.crediplus.net\/index.php?rest_route=\/wp\/v2\/pages\/138"}],"collection":[{"href":"https:\/\/www.crediplus.net\/index.php?rest_route=\/wp\/v2\/pages"}],"about":[{"href":"https:\/\/www.crediplus.net\/index.php?rest_route=\/wp\/v2\/types\/page"}],"author":[{"embeddable":true,"href":"https:\/\/www.crediplus.net\/index.php?rest_route=\/wp\/v2\/users\/3"}],"replies":[{"embeddable":true,"href":"https:\/\/www.crediplus.net\/index.php?rest_route=%2Fwp%2Fv2%2Fcomments&post=138"}],"version-history":[{"count":21,"href":"https:\/\/www.crediplus.net\/index.php?rest_route=\/wp\/v2\/pages\/138\/revisions"}],"predecessor-version":[{"id":362,"href":"https:\/\/www.crediplus.net\/index.php?rest_route=\/wp\/v2\/pages\/138\/revisions\/362"}],"wp:attachment":[{"href":"https:\/\/www.crediplus.net\/index.php?rest_route=%2Fwp%2Fv2%2Fmedia&parent=138"}],"curies":[{"name":"wp","href":"https:\/\/api.w.org\/{rel}","templated":true}]}}