{"id":144,"date":"2019-04-01T10:31:31","date_gmt":"2019-04-01T16:31:31","guid":{"rendered":"http:\/\/docker-core-services.fiesta.local:8094\/?page_id=144"},"modified":"2024-03-11T13:23:06","modified_gmt":"2024-03-11T19:23:06","slug":"mesmerize","status":"publish","type":"page","link":"https:\/\/www.crediplus.net\/","title":{"rendered":"Front Page"},"content":{"rendered":"\n<h2>\n\t\t\u00a1Tu cr\u00e9dito m\u00e1s r\u00e1pido!\n\t<\/h2>\n<h2>\n\t\t\u00bfNecesitas equipar tu casa?\n\t<\/h2>\n\t<p>Nosotros te brindamos \u00abtu cr\u00e9dito\u00a0m\u00e1s r\u00e1pido\u00bb<\/p>\n\t\t\t<a href=\"https:\/\/crediplus.net\/?page_id=134\" target=\"_self\" rel=\"noopener\">\n\t\t\t\t\t\t\tRequisitos\n\t\t\t\t\t<\/a>\n\t\t\t\t<img decoding=\"async\" src=\"http:\/\/docker-core-services.fiesta.local:8094\/wp-content\/uploads\/2019\/04\/shutterstock_1038126172-1024x683.jpg\" alt=\"shutterstock_1038126172\" itemprop=\"image\" title=\"shutterstock_1038126172\" onerror=\"this.style.display='none'\"  \/>\n<h3>\n\t\tCorreo Electr\u00f3nico\n\t<\/h3>\n<h3>\n\t\tasesores@crediplus.net\n\t<\/h3>\n<h3>\n\t\tTel\u00e9fono\n\t<\/h3>\n<h3>\n\t\t+(502) 6626-1351\n\t<\/h3>\n<h3>\n\t\tHorario de Atenci\u00f3n\n\t<\/h3>\n<h3>\n\t\tLunes a S\u00e1bado: 9:00 a.m. a 9:00 p.m.\n\t<\/h3>\n<h3>\n\t\tDomingo: 9:00 a.m. a 8:00 p.m.\n\t<\/h3>\n\t<h1><strong>\u00a1Realiza tus pagos!<\/strong><\/h1>\n\t<h3>Banco Industrial<\/h3>\n<h4>Convenio 3539<\/h4>\n\t<h3>G&amp;T Continental<\/h3>\n<h4>Convenio 8288<\/h4>\n\t<h3>BAM<\/h3>\n<h4>Convenio 474<\/h4>\n\t<h3>VisaLink<\/h3>\n<h4>Pago con tarjeta de cr\u00e9dito y d\u00e9bito<\/h4>\n\n","protected":false},"excerpt":{"rendered":"<p>\u00a1Tu cr\u00e9dito m\u00e1s r\u00e1pido! \u00bfNecesitas equipar tu casa? Nosotros te brindamos \u00abtu cr\u00e9dito\u00a0m\u00e1s r\u00e1pido\u00bb Requisitos Correo Electr\u00f3nico asesores@crediplus.net Tel\u00e9fono +(502) 6626-1351 Horario de Atenci\u00f3n Lunes a S\u00e1bado: 9:00 a.m. a 9:00 p.m. Domingo: 9:00 a.m. a 8:00 p.m. \u00a1Realiza tus pagos! Banco Industrial Convenio 3539 G&amp;T Continental Convenio 8288 BAM Convenio 474 VisaLink Pago con&hellip;<\/p>\n","protected":false},"author":3,"featured_media":0,"parent":0,"menu_order":0,"comment_status":"closed","ping_status":"closed","template":"","meta":{"footnotes":""},"_links":{"self":[{"href":"https:\/\/www.crediplus.net\/index.php?rest_route=\/wp\/v2\/pages\/144"}],"collection":[{"href":"https:\/\/www.crediplus.net\/index.php?rest_route=\/wp\/v2\/pages"}],"about":[{"href":"https:\/\/www.crediplus.net\/index.php?rest_route=\/wp\/v2\/types\/page"}],"author":[{"embeddable":true,"href":"https:\/\/www.crediplus.net\/index.php?rest_route=\/wp\/v2\/users\/3"}],"replies":[{"embeddable":true,"href":"https:\/\/www.crediplus.net\/index.php?rest_route=%2Fwp%2Fv2%2Fcomments&post=144"}],"version-history":[{"count":73,"href":"https:\/\/www.crediplus.net\/index.php?rest_route=\/wp\/v2\/pages\/144\/revisions"}],"predecessor-version":[{"id":367,"href":"https:\/\/www.crediplus.net\/index.php?rest_route=\/wp\/v2\/pages\/144\/revisions\/367"}],"wp:attachment":[{"href":"https:\/\/www.crediplus.net\/index.php?rest_route=%2Fwp%2Fv2%2Fmedia&parent=144"}],"curies":[{"name":"wp","href":"https:\/\/api.w.org\/{rel}","templated":true}]}}